{"id":110,"date":"2015-04-03T10:42:02","date_gmt":"2015-04-03T08:42:02","guid":{"rendered":"http:\/\/fcsulzberg.at.host24.profi-server.at\/?page_id=110"},"modified":"2023-05-25T10:29:34","modified_gmt":"2023-05-25T08:29:34","slug":"nachwuchs","status":"publish","type":"page","link":"http:\/\/fcsulzberg.at.host24.profi-server.at\/?page_id=110","title":{"rendered":"Nachwuchs"},"content":{"rendered":"<p>Der FC Sulzberg stellt im Nachwuchsbereich eine U7, eine U8, und 2 U10 M\u00e4dchenmannschafen. Alle weiteren Nachwuchsmannschaften werden vom <a href=\"http:\/\/fcsulzberg.at.host24.profi-server.at\/?page_id=8139\">FNZ Rotachtal<\/a> organisiert.<\/p>\n<p>Der Mitgliedsbeitrag f\u00fcr einen Nachwuchsspieler betr\u00e4gt 40,00 \u20ac pro Saison. Jedes weitere Kind aus einer Familie bezahlt nur noch 20,00 \u20ac pro Saison!<\/p>\n<p>Im Laufe der Saison verteilt der Trainer Erlagscheine, mit denen der f\u00e4llige Betrag \u00fcberwiesen werden kann!<\/p>\n<h6><strong>FCS Team U7 \/ U8<br \/>\n<\/strong><\/h6>\n<p><strong>Trainer<\/strong>: Feurle Michael, +436648011715979<\/p>\n<p><strong>Co-Trainer<\/strong>: Marcel Giselbrecht<\/p>\n<h6><strong>FCS Team U10 M\u00e4dchen<\/strong><\/h6>\n<p><strong>Trainerin:<\/strong> Lara Fehr, +436647911795<a href=\"http:\/\/fcsulzberg.at.host24.profi-server.at\/?page_id=108\">\u00a0<\/a><\/p>\n","protected":false},"excerpt":{"rendered":"<p>Der FC Sulzberg stellt im Nachwuchsbereich eine U7, eine U8, und 2 U10 M\u00e4dchenmannschafen. Alle weiteren Nachwuchsmannschaften werden vom FNZ Rotachtal organisiert. Der Mitgliedsbeitrag f\u00fcr einen Nachwuchsspieler betr\u00e4gt 40,00 \u20ac pro Saison. Jedes weitere Kind aus einer Familie bezahlt nur noch 20,00 \u20ac pro Saison! Im Laufe der Saison verteilt der Trainer Erlagscheine, mit denen &hellip; <a href=\"http:\/\/fcsulzberg.at.host24.profi-server.at\/?page_id=110\" class=\"more-link\"><span class=\"screen-reader-text\">Nachwuchs<\/span> weiterlesen <span class=\"meta-nav\">&rarr;<\/span><\/a><\/p>\n","protected":false},"author":1,"featured_media":0,"parent":122,"menu_order":0,"comment_status":"closed","ping_status":"closed","template":"","meta":{"spay_email":""},"aioseo_notices":[],"_links":{"self":[{"href":"http:\/\/fcsulzberg.at.host24.profi-server.at\/index.php?rest_route=\/wp\/v2\/pages\/110"}],"collection":[{"href":"http:\/\/fcsulzberg.at.host24.profi-server.at\/index.php?rest_route=\/wp\/v2\/pages"}],"about":[{"href":"http:\/\/fcsulzberg.at.host24.profi-server.at\/index.php?rest_route=\/wp\/v2\/types\/page"}],"author":[{"embeddable":true,"href":"http:\/\/fcsulzberg.at.host24.profi-server.at\/index.php?rest_route=\/wp\/v2\/users\/1"}],"replies":[{"embeddable":true,"href":"http:\/\/fcsulzberg.at.host24.profi-server.at\/index.php?rest_route=%2Fwp%2Fv2%2Fcomments&post=110"}],"version-history":[{"count":39,"href":"http:\/\/fcsulzberg.at.host24.profi-server.at\/index.php?rest_route=\/wp\/v2\/pages\/110\/revisions"}],"predecessor-version":[{"id":9671,"href":"http:\/\/fcsulzberg.at.host24.profi-server.at\/index.php?rest_route=\/wp\/v2\/pages\/110\/revisions\/9671"}],"up":[{"embeddable":true,"href":"http:\/\/fcsulzberg.at.host24.profi-server.at\/index.php?rest_route=\/wp\/v2\/pages\/122"}],"wp:attachment":[{"href":"http:\/\/fcsulzberg.at.host24.profi-server.at\/index.php?rest_route=%2Fwp%2Fv2%2Fmedia&parent=110"}],"curies":[{"name":"wp","href":"https:\/\/api.w.org\/{rel}","templated":true}]}}