{"id":307,"date":"2015-04-05T12:02:20","date_gmt":"2015-04-05T10:02:20","guid":{"rendered":"http:\/\/fcsulzberg.at.host24.profi-server.at\/?page_id=307"},"modified":"2016-04-05T15:40:34","modified_gmt":"2016-04-05T13:40:34","slug":"vereinshymne","status":"publish","type":"page","link":"http:\/\/fcsulzberg.at.host24.profi-server.at\/?page_id=307","title":{"rendered":"Vereinshymne"},"content":{"rendered":"<p style=\"text-align: center;\">Br\u00fcder la\u00dft die Bundesfahne in den L\u00fcften wehn, wip hip hurra<br \/>\nSchwarz, wei\u00df, Schwarz ist unsre Fahne, die wir ausersehn, wip hip hurra<br \/>\ndarum lust\u00b4ge Fu\u00dfballspieler<br \/>\n<strong>I:<\/strong> haltet euren Sport in Ehren, dass er bl\u00fchet fort <strong>:I<\/strong><\/p>\n<p style=\"text-align: center;\"><strong>Ref.:<\/strong> Ein dreimal hoch dem Lederballe hip hurra<br \/>\nder FC Sulzberg siegt \u00fcberall (2x)<\/p>\n<p style=\"text-align: center;\">Haben wir ein Spiel verloren, ist es nicht so schlimm wip hip hurra<br \/>\nm\u00fcssen wir uns mehr trainieren dass wir\u00b4s n\u00e4chste mal gewinn\u00b4 wip hip hurra<br \/>\ndarum lust\u00b4ge Fu\u00dfballspieler<br \/>\n<strong>I:<\/strong> haltet euren Sport in Ehren, dass er bl\u00fchet fort <strong>:I<\/strong><\/p>\n<p style=\"text-align: center;\"><strong>Ref.:<\/strong> Ein dreimal hoch dem Lederballe hip hurra der FC Sulzberg siegt \u00fcberall (2x)<\/p>\n<p style=\"text-align: center;\">Haben wir ein Spiel gewonnen ziehn wir froh nach Haus wip hip hurra<br \/>\nunser Gegner ist geschwommen ach es war ein Graus wip hip hurra<br \/>\ndarum lust\u00b4ge Fu\u00dfballspieler<br \/>\n<strong>I:<\/strong> haltet euren Sport in Ehren, dass er bl\u00fchet fort <strong>:I<\/strong><\/p>\n<p style=\"text-align: center;\"><strong>Ref.:<\/strong> Ein dreimal hoch dem Lederballe hip hurra der FC Sulzberg siegt \u00fcberall (2x)<\/p>\n<p style=\"text-align: center;\">Unser Tormann steht auf Lauer, schaut bedenklich drein wip hip hurra<br \/>\nund die Becken &#8211; sie stehn wie Mauern, hauen kr\u00e4ftig rein wip hip hurra<br \/>\nund die Half die Helfers Helfer schieben B\u00e4lle vor,<br \/>\n<strong>I:<\/strong> dass die kleinen, die flinken St\u00fcrmer schie\u00dfen Tor auf Tor <strong>:I<\/strong><\/p>\n<p style=\"text-align: center;\"><strong>Ref.:<\/strong> Ein dreimal hoch dem Lederballe hip hurra der FC Sulzberg siegt \u00fcberall (2x)<\/p>\n<p style=\"text-align: center;\">Aber eins, aber eins das ist gewi\u00df vom FC Sulzberg hab\u00b4n sie alle SCHISS<br \/>\nAber eins, aber eins das bleibt bestehn, der FC Sulzberg wird nie untergehn.<\/p>\n","protected":false},"excerpt":{"rendered":"<p>Br\u00fcder la\u00dft die Bundesfahne in den L\u00fcften wehn, wip hip hurra Schwarz, wei\u00df, Schwarz ist unsre Fahne, die wir ausersehn, wip hip hurra darum lust\u00b4ge Fu\u00dfballspieler I: haltet euren Sport in Ehren, dass er bl\u00fchet fort :I Ref.: Ein dreimal hoch dem Lederballe hip hurra der FC Sulzberg siegt \u00fcberall (2x) Haben wir ein Spiel &hellip; <a href=\"http:\/\/fcsulzberg.at.host24.profi-server.at\/?page_id=307\" class=\"more-link\"><span class=\"screen-reader-text\">Vereinshymne<\/span> weiterlesen <span class=\"meta-nav\">&rarr;<\/span><\/a><\/p>\n","protected":false},"author":1,"featured_media":0,"parent":31,"menu_order":0,"comment_status":"closed","ping_status":"open","template":"","meta":{"spay_email":""},"aioseo_notices":[],"_links":{"self":[{"href":"http:\/\/fcsulzberg.at.host24.profi-server.at\/index.php?rest_route=\/wp\/v2\/pages\/307"}],"collection":[{"href":"http:\/\/fcsulzberg.at.host24.profi-server.at\/index.php?rest_route=\/wp\/v2\/pages"}],"about":[{"href":"http:\/\/fcsulzberg.at.host24.profi-server.at\/index.php?rest_route=\/wp\/v2\/types\/page"}],"author":[{"embeddable":true,"href":"http:\/\/fcsulzberg.at.host24.profi-server.at\/index.php?rest_route=\/wp\/v2\/users\/1"}],"replies":[{"embeddable":true,"href":"http:\/\/fcsulzberg.at.host24.profi-server.at\/index.php?rest_route=%2Fwp%2Fv2%2Fcomments&post=307"}],"version-history":[{"count":2,"href":"http:\/\/fcsulzberg.at.host24.profi-server.at\/index.php?rest_route=\/wp\/v2\/pages\/307\/revisions"}],"predecessor-version":[{"id":309,"href":"http:\/\/fcsulzberg.at.host24.profi-server.at\/index.php?rest_route=\/wp\/v2\/pages\/307\/revisions\/309"}],"up":[{"embeddable":true,"href":"http:\/\/fcsulzberg.at.host24.profi-server.at\/index.php?rest_route=\/wp\/v2\/pages\/31"}],"wp:attachment":[{"href":"http:\/\/fcsulzberg.at.host24.profi-server.at\/index.php?rest_route=%2Fwp%2Fv2%2Fmedia&parent=307"}],"curies":[{"name":"wp","href":"https:\/\/api.w.org\/{rel}","templated":true}]}}