{"id":31,"date":"2015-04-02T15:33:24","date_gmt":"2015-04-02T13:33:24","guid":{"rendered":"http:\/\/fcsulzberg.at.host24.profi-server.at\/?page_id=31"},"modified":"2015-04-28T09:30:33","modified_gmt":"2015-04-28T07:30:33","slug":"verein","status":"publish","type":"page","link":"http:\/\/fcsulzberg.at.host24.profi-server.at\/?page_id=31","title":{"rendered":"Verein"},"content":{"rendered":"<p><strong>Die Gr\u00fcndung<\/strong><\/p>\n<p>Der FC Sulzberg wurde am 16. Dezember 1951 im Gasthaus Ochsen gegr\u00fcndet. Die Satzung f\u00fcr den Verein wurde vom damaligen Club SW Bregenz \u00fcbernommen. Aus dem Protokoll ist zu entnehmen, dass die Gr\u00fcnderversammlung &#8222;in voller Harmonie&#8220; und &#8222;formal genau&#8220; durchgef\u00fchrt wurde. Nachts um 11 Uhr war die Gr\u00fcndung beschlossen und die erste Vereinsvorstehung gew\u00e4hlt. Ihr oblag es nun alle Schritte einzuleiten, damit im Fr\u00fchjahr mit dem Spielbetrieb begonnen werden konnte.<\/p>\n<p>Anwesend und somit Gr\u00fcndungsmitglieder waren: Barta Ludwig, Bereuter Anton, Bereuter Josef, Fink Oskar, Flatz Walter, Haller Adolf, Huber Gerhard, Moosbrugger Guntram, \u00d6sterle Johann, Richter Gottfried, Schmelzenbach Vinzenz, Steurer Arthur, Thaler Josef, Thaler Oswald, W\u00f6rndle Heinz und Heim Johann (der aber an diesem denkw\u00fcrdigen Abend leider beruflich verhindert war).<\/p>\n<p>Nach dem Bescheid der Sicherheitsdirektion Vorarlberg und der Anmeldung als Mitglied beim VfV war die Gr\u00fcndung des FC Sulzberg perfekt.<\/p>\n<p>Somit stellte der FC Sulzberg folgende Mannschaft im Fr\u00fchjahr 1952 auf<\/p>\n<p><img src=\"http:\/\/www.fcsulzberg.at\/images\/Bilder\/Archiv\/FCS%201952.jpg\" alt=\"\" width=\"635\" \/><\/p>\n<p><strong>Die Geschichte<\/strong><\/p>\n<p>Im Laufe der Jahre waren viele Spieler und Funktion\u00e4re am Werk. Eine \u00dcbersicht alle Obm\u00e4nner, die ma\u00dfgeblich an der Entwicklung des FC Sulzberg daran beteiligt waren und sind, ist unten erswichtlich. Den Obm\u00e4nnern und allen ehemaligen Funktion\u00e4ren, Spielern, Helfern und Sponsoren ist es zu verdanken, dass der FCS im ganzen Land und weit \u00fcber die Grenzen hinaus bekannt ist, dass es f\u00fcr die Kinder und Jugendlichen seit Jahrzehnten eine sportliche Alternative gibt und dass sich Menschen beim Fu\u00dfballspiel in geselliger Runde treffen und unterhalten k\u00f6nnen.<\/p>\n<p><img src=\"http:\/\/www.fcsulzberg.at\/images\/Bilder\/Archiv\/FCS%20Obmaenner.jpg\" alt=\"\" width=\"635\" \/><\/p>\n<p><strong>Aktuell<\/strong><\/p>\n<p>Aktuell hat der FC Sulzberg ca. 200 Mitglieder, zwei Kampf-, zwei Nachwuchs-, eine Damen-, und eine Alt-Herren-Mannschaft. Gemeinsam mit den Nachbargemeinden Langen und Doren verf\u00fcgt der FCS \u00fcber weitere vier Nachwuchsteams, die unter dem Dach des FNZ Rotachtal spielen. Das Aush\u00e4ngeschild &#8211; die erste Kampfmannschaft &#8211; spielt aktuell in der 1. Landesklasse und unser junges 1b-Team beweist sich derzeit in der 5. Landesklasse.<\/p>\n","protected":false},"excerpt":{"rendered":"<p>Die Gr\u00fcndung Der FC Sulzberg wurde am 16. Dezember 1951 im Gasthaus Ochsen gegr\u00fcndet. Die Satzung f\u00fcr den Verein wurde vom damaligen Club SW Bregenz \u00fcbernommen. Aus dem Protokoll ist zu entnehmen, dass die Gr\u00fcnderversammlung &#8222;in voller Harmonie&#8220; und &#8222;formal genau&#8220; durchgef\u00fchrt wurde. Nachts um 11 Uhr war die Gr\u00fcndung beschlossen und die erste Vereinsvorstehung &hellip; <a href=\"http:\/\/fcsulzberg.at.host24.profi-server.at\/?page_id=31\" class=\"more-link\"><span class=\"screen-reader-text\">Verein<\/span> weiterlesen <span class=\"meta-nav\">&rarr;<\/span><\/a><\/p>\n","protected":false},"author":1,"featured_media":0,"parent":0,"menu_order":0,"comment_status":"closed","ping_status":"closed","template":"","meta":{"spay_email":""},"aioseo_notices":[],"_links":{"self":[{"href":"http:\/\/fcsulzberg.at.host24.profi-server.at\/index.php?rest_route=\/wp\/v2\/pages\/31"}],"collection":[{"href":"http:\/\/fcsulzberg.at.host24.profi-server.at\/index.php?rest_route=\/wp\/v2\/pages"}],"about":[{"href":"http:\/\/fcsulzberg.at.host24.profi-server.at\/index.php?rest_route=\/wp\/v2\/types\/page"}],"author":[{"embeddable":true,"href":"http:\/\/fcsulzberg.at.host24.profi-server.at\/index.php?rest_route=\/wp\/v2\/users\/1"}],"replies":[{"embeddable":true,"href":"http:\/\/fcsulzberg.at.host24.profi-server.at\/index.php?rest_route=%2Fwp%2Fv2%2Fcomments&post=31"}],"version-history":[{"count":2,"href":"http:\/\/fcsulzberg.at.host24.profi-server.at\/index.php?rest_route=\/wp\/v2\/pages\/31\/revisions"}],"predecessor-version":[{"id":156,"href":"http:\/\/fcsulzberg.at.host24.profi-server.at\/index.php?rest_route=\/wp\/v2\/pages\/31\/revisions\/156"}],"wp:attachment":[{"href":"http:\/\/fcsulzberg.at.host24.profi-server.at\/index.php?rest_route=%2Fwp%2Fv2%2Fmedia&parent=31"}],"curies":[{"name":"wp","href":"https:\/\/api.w.org\/{rel}","templated":true}]}}