{"id":328,"date":"2015-04-05T21:21:42","date_gmt":"2015-04-05T19:21:42","guid":{"rendered":"http:\/\/fcsulzberg.at.host24.profi-server.at\/?page_id=328"},"modified":"2018-10-03T21:27:37","modified_gmt":"2018-10-03T19:27:37","slug":"hau-den-lukas","status":"publish","type":"page","link":"http:\/\/fcsulzberg.at.host24.profi-server.at\/?page_id=328","title":{"rendered":"Hau den Lukas"},"content":{"rendered":"<p><a href=\"http:\/\/fcsulzberg.at.host24.profi-server.at\/wp-content\/uploads\/2018\/10\/Flyer_Hau-den-Lukas_A4_quer-1_web.jpg\" target=\"_blank\" rel=\"noopener\" data-rel=\"lightbox-image-0\" data-rl_title=\"\" data-rl_caption=\"\" title=\"\"><img loading=\"lazy\" class=\"alignleft wp-image-6954 size-full\" src=\"http:\/\/fcsulzberg.at.host24.profi-server.at\/wp-content\/uploads\/2018\/10\/Flyer_Hau-den-Lukas_A4_quer-1_web.jpg\" alt=\"\" width=\"842\" height=\"595\" srcset=\"http:\/\/fcsulzberg.at.host24.profi-server.at\/wp-content\/uploads\/2018\/10\/Flyer_Hau-den-Lukas_A4_quer-1_web.jpg 842w, http:\/\/fcsulzberg.at.host24.profi-server.at\/wp-content\/uploads\/2018\/10\/Flyer_Hau-den-Lukas_A4_quer-1_web-300x212.jpg 300w, http:\/\/fcsulzberg.at.host24.profi-server.at\/wp-content\/uploads\/2018\/10\/Flyer_Hau-den-Lukas_A4_quer-1_web-768x543.jpg 768w, http:\/\/fcsulzberg.at.host24.profi-server.at\/wp-content\/uploads\/2018\/10\/Flyer_Hau-den-Lukas_A4_quer-1_web-500x353.jpg 500w\" sizes=\"(max-width: 842px) 100vw, 842px\" \/><\/a><\/p>\n<p><strong>Kontakt:<\/strong> Obmann Markus Kern \/ +436645818731 oder Email an markus442(at)aon.at<\/p>\n<p>F\u00fcr den Transport ist ein H\u00e4nger notwendig, der mindestens 1,5m lang ist. Der HdL sollte stehend transportiert werden. Transporth\u00f6he 2,30m<\/p>\n<p>Zur Besfestigung am H\u00e4nger empfehlen wir 4 schmale Spanngurte!<\/p>\n","protected":false},"excerpt":{"rendered":"<p>Kontakt: Obmann Markus Kern \/ +436645818731 oder Email an markus442(at)aon.at F\u00fcr den Transport ist ein H\u00e4nger notwendig, der mindestens 1,5m lang ist. Der HdL sollte stehend transportiert werden. Transporth\u00f6he 2,30m Zur Besfestigung am H\u00e4nger empfehlen wir 4 schmale Spanngurte!<\/p>\n","protected":false},"author":1,"featured_media":0,"parent":38,"menu_order":0,"comment_status":"closed","ping_status":"closed","template":"","meta":{"spay_email":""},"aioseo_notices":[],"_links":{"self":[{"href":"http:\/\/fcsulzberg.at.host24.profi-server.at\/index.php?rest_route=\/wp\/v2\/pages\/328"}],"collection":[{"href":"http:\/\/fcsulzberg.at.host24.profi-server.at\/index.php?rest_route=\/wp\/v2\/pages"}],"about":[{"href":"http:\/\/fcsulzberg.at.host24.profi-server.at\/index.php?rest_route=\/wp\/v2\/types\/page"}],"author":[{"embeddable":true,"href":"http:\/\/fcsulzberg.at.host24.profi-server.at\/index.php?rest_route=\/wp\/v2\/users\/1"}],"replies":[{"embeddable":true,"href":"http:\/\/fcsulzberg.at.host24.profi-server.at\/index.php?rest_route=%2Fwp%2Fv2%2Fcomments&post=328"}],"version-history":[{"count":19,"href":"http:\/\/fcsulzberg.at.host24.profi-server.at\/index.php?rest_route=\/wp\/v2\/pages\/328\/revisions"}],"predecessor-version":[{"id":462,"href":"http:\/\/fcsulzberg.at.host24.profi-server.at\/index.php?rest_route=\/wp\/v2\/pages\/328\/revisions\/462"}],"up":[{"embeddable":true,"href":"http:\/\/fcsulzberg.at.host24.profi-server.at\/index.php?rest_route=\/wp\/v2\/pages\/38"}],"wp:attachment":[{"href":"http:\/\/fcsulzberg.at.host24.profi-server.at\/index.php?rest_route=%2Fwp%2Fv2%2Fmedia&parent=328"}],"curies":[{"name":"wp","href":"https:\/\/api.w.org\/{rel}","templated":true}]}}