{"id":38,"date":"2015-04-02T15:37:16","date_gmt":"2015-04-02T13:37:16","guid":{"rendered":"http:\/\/fcsulzberg.at.host24.profi-server.at\/?page_id=38"},"modified":"2016-04-07T07:24:21","modified_gmt":"2016-04-07T05:24:21","slug":"shop","status":"publish","type":"page","link":"http:\/\/fcsulzberg.at.host24.profi-server.at\/?page_id=38","title":{"rendered":"Shop"},"content":{"rendered":"<p><a href=\"http:\/\/fcsulzberg.at.host24.profi-server.at\/wp-content\/uploads\/2015\/04\/Shop04.jpg\" data-rel=\"lightbox-image-0\" data-rl_title=\"\" data-rl_caption=\"\" title=\"\"><img loading=\"lazy\" class=\"alignleft wp-image-778\" src=\"http:\/\/fcsulzberg.at.host24.profi-server.at\/wp-content\/uploads\/2015\/04\/Shop04.jpg\" alt=\"Shop04\" width=\"250\" height=\"222\" srcset=\"http:\/\/fcsulzberg.at.host24.profi-server.at\/wp-content\/uploads\/2015\/04\/Shop04.jpg 361w, http:\/\/fcsulzberg.at.host24.profi-server.at\/wp-content\/uploads\/2015\/04\/Shop04-300x266.jpg 300w\" sizes=\"(max-width: 250px) 100vw, 250px\" \/><\/a> <a href=\"http:\/\/fcsulzberg.at.host24.profi-server.at\/wp-content\/uploads\/2015\/04\/Shop05.jpg\" data-rel=\"lightbox-image-1\" data-rl_title=\"\" data-rl_caption=\"\" title=\"\"><br \/>\n<\/a><\/p>\n<h6><strong>&#8222;FCS Wimpel&#8220;<\/strong><strong>\u00a0<\/strong><\/h6>\n<p>Gr\u00f6\u00dfe: H=18cm, B=12cm (ohne St\u00e4nder)<\/p>\n<p>Preis: 5,00 \u20ac<\/p>\n<p>Erh\u00e4ltlich im Clubheim des FC Sulzberg<\/p>\n<p>Auf Anfrage kann der Artikel auch verschickt werden. Porto zahlt\u00a0Empf\u00e4nger.<\/p>\n<hr \/>\n<p><a href=\"http:\/\/fcsulzberg.at.host24.profi-server.at\/wp-content\/uploads\/2015\/04\/Shop05.jpg\" data-rel=\"lightbox-image-2\" data-rl_title=\"\" data-rl_caption=\"\" title=\"\"><img loading=\"lazy\" class=\" wp-image-779 alignleft\" src=\"http:\/\/fcsulzberg.at.host24.profi-server.at\/wp-content\/uploads\/2015\/04\/Shop05.jpg\" alt=\"Shop05\" width=\"250\" height=\"333\" srcset=\"http:\/\/fcsulzberg.at.host24.profi-server.at\/wp-content\/uploads\/2015\/04\/Shop05.jpg 691w, http:\/\/fcsulzberg.at.host24.profi-server.at\/wp-content\/uploads\/2015\/04\/Shop05-225x300.jpg 225w\" sizes=\"(max-width: 250px) 100vw, 250px\" \/><\/a><\/p>\n<h6><strong>&#8222;FCS Retroshirt&#8220;<\/strong><\/h6>\n<p>Gr\u00f6\u00dfe: M \/ L<\/p>\n<p>Preis: 20,00 \u20ac<\/p>\n<p>Erh\u00e4ltlich im Clubheim des FC Sulzberg<\/p>\n<p>Auf Anfrage kann der Artikel auch verschickt werden. Porto zahlt Empf\u00e4nger.<\/p>\n<hr \/>\n<p><a href=\"http:\/\/fcsulzberg.at.host24.profi-server.at\/wp-content\/uploads\/2015\/04\/Shop02.jpg\" data-rel=\"lightbox-image-3\" data-rl_title=\"\" data-rl_caption=\"\" title=\"\"><img loading=\"lazy\" class=\" wp-image-776 alignleft\" src=\"http:\/\/fcsulzberg.at.host24.profi-server.at\/wp-content\/uploads\/2015\/04\/Shop02.jpg\" alt=\"Shop02\" width=\"250\" height=\"188\" srcset=\"http:\/\/fcsulzberg.at.host24.profi-server.at\/wp-content\/uploads\/2015\/04\/Shop02.jpg 1228w, http:\/\/fcsulzberg.at.host24.profi-server.at\/wp-content\/uploads\/2015\/04\/Shop02-300x225.jpg 300w, http:\/\/fcsulzberg.at.host24.profi-server.at\/wp-content\/uploads\/2015\/04\/Shop02-1024x768.jpg 1024w\" sizes=\"(max-width: 250px) 100vw, 250px\" \/><\/a><\/p>\n<h6><strong>&#8222;FCS Regenschirm&#8220;<\/strong><\/h6>\n<p>Durchmesser: 100cm<\/p>\n<p>Preis: 10,00 \u20ac<\/p>\n<p>Erh\u00e4ltlich im Clubheim des FC Sulzberg<\/p>\n<p>Auf Anfrage kann der Artikel auch verschickt werden. Porto zahlt Empf\u00e4nger.<\/p>\n<hr \/>\n<p><a href=\"http:\/\/fcsulzberg.at.host24.profi-server.at\/wp-content\/uploads\/2015\/04\/Shop07.jpg\" data-rel=\"lightbox-image-4\" data-rl_title=\"\" data-rl_caption=\"\" title=\"\"><img loading=\"lazy\" class=\" wp-image-780 alignleft\" src=\"http:\/\/fcsulzberg.at.host24.profi-server.at\/wp-content\/uploads\/2015\/04\/Shop07.jpg\" alt=\"Shop07\" width=\"250\" height=\"116\" srcset=\"http:\/\/fcsulzberg.at.host24.profi-server.at\/wp-content\/uploads\/2015\/04\/Shop07.jpg 491w, http:\/\/fcsulzberg.at.host24.profi-server.at\/wp-content\/uploads\/2015\/04\/Shop07-300x139.jpg 300w\" sizes=\"(max-width: 250px) 100vw, 250px\" \/><\/a><\/p>\n<h6><strong>&#8222;FCS Fanschal&#8220;<\/strong><\/h6>\n<p>L\u00e4nge: 110cm<\/p>\n<p>Preis: 10,00 \u20ac<\/p>\n<p>Erh\u00e4ltlich im Clubheim des FC Sulzberg<\/p>\n<p>Auf Anfrage kann der Artikel auch verschickt werden. Porto zahlt Empf\u00e4nger.<\/p>\n","protected":false},"excerpt":{"rendered":"<p>&#8222;FCS Wimpel&#8220;\u00a0 Gr\u00f6\u00dfe: H=18cm, B=12cm (ohne St\u00e4nder) Preis: 5,00 \u20ac Erh\u00e4ltlich im Clubheim des FC Sulzberg Auf Anfrage kann der Artikel auch verschickt werden. Porto zahlt\u00a0Empf\u00e4nger. &#8222;FCS Retroshirt&#8220; Gr\u00f6\u00dfe: M \/ L Preis: 20,00 \u20ac Erh\u00e4ltlich im Clubheim des FC Sulzberg Auf Anfrage kann der Artikel auch verschickt werden. Porto zahlt Empf\u00e4nger. &#8222;FCS Regenschirm&#8220; Durchmesser: &hellip; <a href=\"http:\/\/fcsulzberg.at.host24.profi-server.at\/?page_id=38\" class=\"more-link\"><span class=\"screen-reader-text\">Shop<\/span> weiterlesen <span class=\"meta-nav\">&rarr;<\/span><\/a><\/p>\n","protected":false},"author":1,"featured_media":0,"parent":0,"menu_order":0,"comment_status":"open","ping_status":"closed","template":"","meta":{"spay_email":""},"aioseo_notices":[],"_links":{"self":[{"href":"http:\/\/fcsulzberg.at.host24.profi-server.at\/index.php?rest_route=\/wp\/v2\/pages\/38"}],"collection":[{"href":"http:\/\/fcsulzberg.at.host24.profi-server.at\/index.php?rest_route=\/wp\/v2\/pages"}],"about":[{"href":"http:\/\/fcsulzberg.at.host24.profi-server.at\/index.php?rest_route=\/wp\/v2\/types\/page"}],"author":[{"embeddable":true,"href":"http:\/\/fcsulzberg.at.host24.profi-server.at\/index.php?rest_route=\/wp\/v2\/users\/1"}],"replies":[{"embeddable":true,"href":"http:\/\/fcsulzberg.at.host24.profi-server.at\/index.php?rest_route=%2Fwp%2Fv2%2Fcomments&post=38"}],"version-history":[{"count":10,"href":"http:\/\/fcsulzberg.at.host24.profi-server.at\/index.php?rest_route=\/wp\/v2\/pages\/38\/revisions"}],"predecessor-version":[{"id":1345,"href":"http:\/\/fcsulzberg.at.host24.profi-server.at\/index.php?rest_route=\/wp\/v2\/pages\/38\/revisions\/1345"}],"wp:attachment":[{"href":"http:\/\/fcsulzberg.at.host24.profi-server.at\/index.php?rest_route=%2Fwp%2Fv2%2Fmedia&parent=38"}],"curies":[{"name":"wp","href":"https:\/\/api.w.org\/{rel}","templated":true}]}}