{"id":8139,"date":"2020-07-13T10:25:56","date_gmt":"2020-07-13T08:25:56","guid":{"rendered":"http:\/\/fcsulzberg.at.host24.profi-server.at\/?page_id=8139"},"modified":"2020-07-17T11:59:04","modified_gmt":"2020-07-17T09:59:04","slug":"fnz-rotachtal","status":"publish","type":"page","link":"http:\/\/fcsulzberg.at.host24.profi-server.at\/?page_id=8139","title":{"rendered":"FNZ Rotachtal"},"content":{"rendered":"<h5>Kurz zum FNZ Rotachtal<\/h5>\n<p style=\"text-align: justify;\">Am 20. Febru<a href=\"http:\/\/fcsulzberg.at.host24.profi-server.at\/wp-content\/uploads\/2020\/07\/LOGO_FNZ.png\" data-rel=\"lightbox-image-0\" data-rl_title=\"\" data-rl_caption=\"\" title=\"\"><img loading=\"lazy\" class=\"wp-image-8161 alignleft\" src=\"http:\/\/fcsulzberg.at.host24.profi-server.at\/wp-content\/uploads\/2020\/07\/LOGO_FNZ.png\" alt=\"\" width=\"158\" height=\"92\" srcset=\"http:\/\/fcsulzberg.at.host24.profi-server.at\/wp-content\/uploads\/2020\/07\/LOGO_FNZ.png 846w, http:\/\/fcsulzberg.at.host24.profi-server.at\/wp-content\/uploads\/2020\/07\/LOGO_FNZ-300x174.png 300w, http:\/\/fcsulzberg.at.host24.profi-server.at\/wp-content\/uploads\/2020\/07\/LOGO_FNZ-768x446.png 768w\" sizes=\"(max-width: 158px) 100vw, 158px\" \/><\/a>ar 2003 haben die drei Vereine FC Doren, RW Langen und der FC Sulzberg die Weichen f\u00fcr das gemeinsame FNZ gestellt, um somit in jedem Jahrgang eine gemeinsame Mannschaft stellen zu k\u00f6nnen. Mit Unterst\u00fctzung der drei Gemeinden (Doren, Langen und Sulzberg) und Sponsoren konnte diese Projekt relativ schnell realisiert werden und das FNZ Rotachtal wurde mit der Herbstsaison 2003 gestartet und funktioniert bis heute tadellos.<br \/>\nSomit ist bis heute gew\u00e4hrleistet, dass die Spieler und Spielerinnen in der jeweiligen Altersklasse spielen k\u00f6nnen und so nicht mehrere Jahrg\u00e4nge zusammengelegt werden m\u00fcssen. Begonnen hat man damals mit insgesamt 40 Kinder und Jugendlichen &#8211;\u00a0 heute sind wir bei \u00fcber 100 Kinder und Jugendlichen angekommen!<\/p>\n<h5>Sponsoren<\/h5>\n<div id=\"maxgallery-8176\" class=\"mg-image-tiles borderless\">\t<div class=\"mg-thumbs mg-twocol\">\t\t<ul><li>\t<a class='lightbox-8176' href=\"http:\/\/fcsulzberg.at.host24.profi-server.at\/wp-content\/uploads\/2020\/07\/Sponsor_Baldauf.jpg\"  title='' aria-haspopup='dialog'   data-rel=\"lightbox-image-1\" data-rl_title=\"\" data-rl_caption=\"\">\t\t<div class=\"\"><img class=\"\" src=\"http:\/\/fcsulzberg.at.host24.profi-server.at\/wp-content\/uploads\/2020\/07\/Sponsor_Baldauf.jpg\" width=\"303\" height=\"99\" alt=\"\" title=\"Sponsor_Baldauf\" \/>\t\t<\/div>\t<\/a><\/li><li>\t<a class='lightbox-8176' href=\"http:\/\/fcsulzberg.at.host24.profi-server.at\/wp-content\/uploads\/2020\/07\/Sponsor_GemDoren.jpg\"  title='' aria-haspopup='dialog'   data-rel=\"lightbox-image-2\" data-rl_title=\"\" data-rl_caption=\"\">\t\t<div class=\"\"><img class=\"\" src=\"http:\/\/fcsulzberg.at.host24.profi-server.at\/wp-content\/uploads\/2020\/07\/Sponsor_GemDoren.jpg\" width=\"259\" height=\"76\" alt=\"\" title=\"Sponsor_GemDoren\" \/>\t\t<\/div>\t<\/a><\/li><li>\t<a class='lightbox-8176' href=\"http:\/\/fcsulzberg.at.host24.profi-server.at\/wp-content\/uploads\/2020\/07\/Sponsor_GemLangen.jpg\"  title='' aria-haspopup='dialog'   data-rel=\"lightbox-image-3\" data-rl_title=\"\" data-rl_caption=\"\">\t\t<div class=\"\"><img class=\"\" src=\"http:\/\/fcsulzberg.at.host24.profi-server.at\/wp-content\/uploads\/2020\/07\/Sponsor_GemLangen.jpg\" width=\"270\" height=\"75\" alt=\"\" title=\"Sponsor_GemLangen\" \/>\t\t<\/div>\t<\/a><\/li><li>\t<a class='lightbox-8176' href=\"http:\/\/fcsulzberg.at.host24.profi-server.at\/wp-content\/uploads\/2020\/07\/Sponsor_GemSulzberg.jpg\"  title='' aria-haspopup='dialog'   data-rel=\"lightbox-image-4\" data-rl_title=\"\" data-rl_caption=\"\">\t\t<div class=\"\"><img class=\"\" src=\"http:\/\/fcsulzberg.at.host24.profi-server.at\/wp-content\/uploads\/2020\/07\/Sponsor_GemSulzberg.jpg\" width=\"330\" height=\"153\" alt=\"\" title=\"Sponsor_GemSulzberg\" \/>\t\t<\/div>\t<\/a><\/li><li>\t<a class='lightbox-8176' href=\"http:\/\/fcsulzberg.at.host24.profi-server.at\/wp-content\/uploads\/2020\/07\/Sponsor_Raiba.jpg\"  title='' aria-haspopup='dialog'   data-rel=\"lightbox-image-5\" data-rl_title=\"\" data-rl_caption=\"\">\t\t<div class=\"\"><img class=\"\" src=\"http:\/\/fcsulzberg.at.host24.profi-server.at\/wp-content\/uploads\/2020\/07\/Sponsor_Raiba.jpg\" width=\"503\" height=\"106\" alt=\"\" title=\"Sponsor_Raiba\" \/>\t\t<\/div>\t<\/a><\/li>\t\t<\/ul>\t\t<div class=\"clear\"><\/div>\t<\/div>\t<span style=\"display: none;\" class=\"hidden-image-tiles-gallery-id\">8176<\/span>\t<span style=\"display: none;\" class=\"hidden-lightbox-skin\"><\/span>\t<span style=\"display: none;\" class=\"hidden-lightbox-effect\"><\/span>\t<span style=\"display: none;\" class=\"hidden-lightbox-kb-nav\">false<\/span>\t<span style=\"display: none;\" class=\"hidden-lightbox-img-click-close\">false<\/span>\t<span style=\"display: none;\" class=\"hidden-lightbox-ol-click-close\">false<\/span>\t<span style=\"display: none;\" class=\"hidden-lightbox-close-tip-text\"><\/span>\t<span style=\"display: none;\" class=\"hidden-lightbox-next-tip-text\"><\/span>\t<span style=\"display: none;\" class=\"hidden-lightbox-prev-tip-text\"><\/span>\t<span style=\"display: none;\" class=\"hidden-lightbox-error-tip-text\"><\/span><\/div>\n","protected":false},"excerpt":{"rendered":"<p>Kurz zum FNZ Rotachtal Am 20. Februar 2003 haben die drei Vereine FC Doren, RW Langen und der FC Sulzberg die Weichen f\u00fcr das gemeinsame FNZ gestellt, um somit in jedem Jahrgang eine gemeinsame Mannschaft stellen zu k\u00f6nnen. Mit Unterst\u00fctzung der drei Gemeinden (Doren, Langen und Sulzberg) und Sponsoren konnte diese Projekt relativ schnell realisiert &hellip; <a href=\"http:\/\/fcsulzberg.at.host24.profi-server.at\/?page_id=8139\" class=\"more-link\"><span class=\"screen-reader-text\">FNZ Rotachtal<\/span> weiterlesen <span class=\"meta-nav\">&rarr;<\/span><\/a><\/p>\n","protected":false},"author":1,"featured_media":0,"parent":0,"menu_order":0,"comment_status":"closed","ping_status":"closed","template":"","meta":{"spay_email":""},"aioseo_notices":[],"_links":{"self":[{"href":"http:\/\/fcsulzberg.at.host24.profi-server.at\/index.php?rest_route=\/wp\/v2\/pages\/8139"}],"collection":[{"href":"http:\/\/fcsulzberg.at.host24.profi-server.at\/index.php?rest_route=\/wp\/v2\/pages"}],"about":[{"href":"http:\/\/fcsulzberg.at.host24.profi-server.at\/index.php?rest_route=\/wp\/v2\/types\/page"}],"author":[{"embeddable":true,"href":"http:\/\/fcsulzberg.at.host24.profi-server.at\/index.php?rest_route=\/wp\/v2\/users\/1"}],"replies":[{"embeddable":true,"href":"http:\/\/fcsulzberg.at.host24.profi-server.at\/index.php?rest_route=%2Fwp%2Fv2%2Fcomments&post=8139"}],"version-history":[{"count":12,"href":"http:\/\/fcsulzberg.at.host24.profi-server.at\/index.php?rest_route=\/wp\/v2\/pages\/8139\/revisions"}],"predecessor-version":[{"id":8236,"href":"http:\/\/fcsulzberg.at.host24.profi-server.at\/index.php?rest_route=\/wp\/v2\/pages\/8139\/revisions\/8236"}],"wp:attachment":[{"href":"http:\/\/fcsulzberg.at.host24.profi-server.at\/index.php?rest_route=%2Fwp%2Fv2%2Fmedia&parent=8139"}],"curies":[{"name":"wp","href":"https:\/\/api.w.org\/{rel}","templated":true}]}}